{"id":1526,"date":"2019-03-15T22:25:19","date_gmt":"2019-03-15T21:25:19","guid":{"rendered":"https:\/\/www.tikka.cz\/obchodni-podminky"},"modified":"2019-03-16T08:13:07","modified_gmt":"2019-03-16T07:13:07","slug":"terms-and-conditions","status":"publish","type":"page","link":"https:\/\/www.tikka.cz\/en\/terms-and-conditions","title":{"rendered":"Terms and conditions"},"content":{"rendered":"<p>Podle z\u00e1kona o evidenci tr\u017eeb je prod\u00e1vaj\u00edc\u00ed povinen vystavit kupuj\u00edc\u00edmu \u00fa\u010dtenku. Z\u00e1rove\u0148 je povinen zaevidovat p\u0159ijatou tr\u017ebu u spr\u00e1vce dan\u011b online; v p\u0159\u00edpad\u011b technick\u00e9ho v\u00fdpadku pak nejpozd\u011bji do 48 hodin.<\/p>\n","protected":false},"excerpt":{"rendered":"<p>Podle z\u00e1kona o evidenci tr\u017eeb je prod\u00e1vaj\u00edc\u00ed povinen vystavit kupuj\u00edc\u00edmu \u00fa\u010dtenku. Z\u00e1rove\u0148 je povinen zaevidovat p\u0159ijatou tr\u017ebu u spr\u00e1vce dan\u011b  [&#8230;]<\/p>\n","protected":false},"author":1,"featured_media":0,"parent":0,"menu_order":59,"comment_status":"closed","ping_status":"closed","template":"","meta":{"footnotes":""},"class_list":["post-1526","page","type-page","status-publish","hentry"],"_links":{"self":[{"href":"https:\/\/www.tikka.cz\/en\/wp-json\/wp\/v2\/pages\/1526","targetHints":{"allow":["GET"]}}],"collection":[{"href":"https:\/\/www.tikka.cz\/en\/wp-json\/wp\/v2\/pages"}],"about":[{"href":"https:\/\/www.tikka.cz\/en\/wp-json\/wp\/v2\/types\/page"}],"author":[{"embeddable":true,"href":"https:\/\/www.tikka.cz\/en\/wp-json\/wp\/v2\/users\/1"}],"replies":[{"embeddable":true,"href":"https:\/\/www.tikka.cz\/en\/wp-json\/wp\/v2\/comments?post=1526"}],"version-history":[{"count":0,"href":"https:\/\/www.tikka.cz\/en\/wp-json\/wp\/v2\/pages\/1526\/revisions"}],"wp:attachment":[{"href":"https:\/\/www.tikka.cz\/en\/wp-json\/wp\/v2\/media?parent=1526"}],"curies":[{"name":"wp","href":"https:\/\/api.w.org\/{rel}","templated":true}]}}